{"id":455,"date":"2024-11-12T15:25:32","date_gmt":"2024-11-12T15:25:32","guid":{"rendered":"https:\/\/shop.hmk-aem.ch\/produkt\/du-materiel-scolaire-pour-le-moyen-orient\/"},"modified":"2025-10-15T10:04:55","modified_gmt":"2025-10-15T10:04:55","slug":"sac-ecole-proche-orient","status":"publish","type":"product","link":"https:\/\/shop.hmk-aem.ch\/fr\/Produit\/sac-ecole-proche-orient\/","title":{"rendered":"\u00abSac d&rsquo;\u00e9cole pour le Proche-Orient\u00bb"},"content":{"rendered":"<p><span class=\"--l --r container-target\"><span class=\"--l --r hover:bg-blue-100 hover:dark:bg-blue-600\">Nous<\/span> <span class=\"--l --r hover:bg-blue-100 hover:dark:bg-blue-600\">aidons<\/span> <span class=\"--l --r hover:bg-blue-100 hover:dark:bg-blue-600\">les<\/span> <span class=\"--l --r hover:bg-blue-100 hover:dark:bg-blue-600\">enfants<\/span> <span class=\"--l --r hover:bg-blue-100 hover:dark:bg-blue-600\">issus<\/span> <span class=\"--l --r hover:bg-blue-100 hover:dark:bg-blue-600\">de<\/span> <span class=\"--l --r hover:bg-blue-100 hover:dark:bg-blue-600\">minorit\u00e9s<\/span> <span class=\"--l --r hover:bg-blue-100 hover:dark:bg-blue-600\">chr\u00e9tiennes<\/span> <span class=\"--l --r hover:bg-blue-100 hover:dark:bg-blue-600\">\u00e0<\/span> <span class=\"--l --r hover:bg-blue-100 hover:dark:bg-blue-600\">se<\/span> <span class=\"--l --r hover:bg-blue-100 hover:dark:bg-blue-600\">pr\u00e9parer<\/span> <span class=\"--l --r hover:bg-blue-100 hover:dark:bg-blue-600\">pour<\/span> <span class=\"--l --r hover:bg-blue-100 hover:dark:bg-blue-600\">l&rsquo;\u00e9cole<\/span><span class=\"--l --r hover:bg-blue-100 hover:dark:bg-blue-600\">:<\/span> <span class=\"--l --r hover:bg-blue-100 hover:dark:bg-blue-600\">ils<\/span> <span class=\"--l --r hover:bg-blue-100 hover:dark:bg-blue-600\">re\u00e7oivent<\/span> <span class=\"--l --r hover:bg-blue-100 hover:dark:bg-blue-600\">un<\/span> <span class=\"--l --r hover:bg-blue-100 hover:dark:bg-blue-600\">cartable<\/span> <span class=\"--l --r hover:bg-blue-100 hover:dark:bg-blue-600\">rempli<\/span> <span class=\"--l --r hover:bg-blue-100 hover:dark:bg-blue-600\">de<\/span> <span class=\"--l --r hover:bg-blue-100 hover:dark:bg-blue-600\">crayons<\/span> <span class=\"--l --r hover:bg-blue-100 hover:dark:bg-blue-600\">et<\/span> <span class=\"--l --r hover:bg-blue-100 hover:dark:bg-blue-600\">de<\/span> <span class=\"--l --r hover:bg-blue-100 hover:dark:bg-blue-600\">cahiers<\/span> <span class=\"--l --r hover:bg-blue-100 hover:dark:bg-blue-600\">ainsi<\/span> <span class=\"--l --r hover:bg-blue-100 hover:dark:bg-blue-600\">qu&rsquo;une<\/span> <span class=\"--l --r hover:bg-blue-100 hover:dark:bg-blue-600\">aide<\/span> <span class=\"--l --r hover:bg-blue-100 hover:dark:bg-blue-600\">mensuelle<\/span><span class=\"--l --r hover:bg-blue-100 hover:dark:bg-blue-600\">.<\/span> <span class=\"--l --r hover:bg-blue-100 hover:dark:bg-blue-600\">Gr\u00e2ce<\/span> <span class=\"--l --r hover:bg-blue-100 hover:dark:bg-blue-600\">\u00e0<\/span> <span class=\"--l --r hover:bg-blue-100 hover:dark:bg-blue-600\">ce<\/span> <span class=\"--l --r hover:bg-blue-100 hover:dark:bg-blue-600\">cadeau<\/span><span class=\"--l --r hover:bg-blue-100 hover:dark:bg-blue-600\">,<\/span> <span class=\"--l --r hover:bg-blue-100 hover:dark:bg-blue-600\">tu<\/span> <span class=\"--l --r hover:bg-blue-100 hover:dark:bg-blue-600\">aides<\/span> <span class=\"--l --r hover:bg-blue-100 hover:dark:bg-blue-600\">un<\/span> <span class=\"--l --r hover:bg-blue-100 hover:dark:bg-blue-600\">enfant<\/span> <span class=\"--l --r hover:bg-blue-100 hover:dark:bg-blue-600\">du<\/span> <span class=\"--l --r hover:bg-blue-100 hover:dark:bg-blue-600\">Proche<\/span><span class=\"--l --r hover:bg-blue-100 hover:dark:bg-blue-600\">&#8211;<\/span><span class=\"--l --r hover:bg-blue-100 hover:dark:bg-blue-600\">Orient<\/span> <span class=\"--l --r hover:bg-blue-100 hover:dark:bg-blue-600\">\u00e0<\/span> <span class=\"--l --r hover:bg-blue-100 hover:dark:bg-blue-600\">aller<\/span> <span class=\"--l --r hover:bg-blue-100 hover:dark:bg-blue-600\">\u00e0<\/span> <span class=\"--l --r hover:bg-blue-100 hover:dark:bg-blue-600\">l&rsquo;\u00e9cole<\/span><span class=\"--l --r hover:bg-blue-100 hover:dark:bg-blue-600\">,<\/span> <span class=\"--l --r hover:bg-blue-100 hover:dark:bg-blue-600\">car<\/span> <span class=\"--l --r hover:bg-blue-100 hover:dark:bg-blue-600\">leurs<\/span> <span class=\"--l --r hover:bg-blue-100 hover:dark:bg-blue-600\">familles<\/span> <span class=\"--l --r hover:bg-blue-100 hover:dark:bg-blue-600\">sont<\/span> <span class=\"--l --r hover:bg-blue-100 hover:dark:bg-blue-600\">souvent<\/span> <span class=\"--l --r hover:bg-blue-100 hover:dark:bg-blue-600\">victimes<\/span> <span class=\"--l --r hover:bg-blue-100 hover:dark:bg-blue-600\">de<\/span> <span class=\"--l --r hover:bg-blue-100 hover:dark:bg-blue-600\">discrimination<\/span> <span class=\"--l --r hover:bg-blue-100 hover:dark:bg-blue-600\">et<\/span> <span class=\"--l --r hover:bg-blue-100 hover:dark:bg-blue-600\">souffrent<\/span> <span class=\"--l --r hover:bg-blue-100 hover:dark:bg-blue-600\">de<\/span> <span class=\"--l --r hover:bg-blue-100 hover:dark:bg-blue-600\">d\u00e9cennies<\/span> <span class=\"--l --r hover:bg-blue-100 hover:dark:bg-blue-600\">de<\/span> <span class=\"--l --r hover:bg-blue-100 hover:dark:bg-blue-600\">guerre<\/span> <span class=\"--l --r hover:bg-blue-100 hover:dark:bg-blue-600\">dans<\/span> <span class=\"--l --r hover:bg-blue-100 hover:dark:bg-blue-600\">leur<\/span> <span class=\"--l --r hover:bg-blue-100 hover:dark:bg-blue-600\">pays<\/span><span class=\"--l --r hover:bg-blue-100 hover:dark:bg-blue-600\">.<\/span><\/span><\/p>\n","protected":false},"excerpt":{"rendered":"<p>Au Proche-Orient, les familles chr\u00e9tiennes sont souvent discrimin\u00e9es et n\u2019ont pas assez d\u2019argent pour acheter des fournitures scolaires \u00e0 leurs enfants. Offrez \u00e0 un enfant de la minorit\u00e9 chr\u00e9tienne un bon d\u00e9part \u00e0 l\u2019\u00e9cole en lui offrant un cartable, des crayons et des cahiers.<\/p>\n","protected":false},"featured_media":340,"template":"","meta":[],"product_brand":[],"product_cat":[29],"product_tag":[],"class_list":{"0":"post-455","1":"product","2":"type-product","3":"status-publish","4":"has-post-thumbnail","6":"product_cat-cheques-cadeaux","8":"first","9":"instock","10":"virtual","11":"purchasable","12":"product-type-simple"},"_links":{"self":[{"href":"https:\/\/shop.hmk-aem.ch\/fr\/wp-json\/wp\/v2\/product\/455","targetHints":{"allow":["GET"]}}],"collection":[{"href":"https:\/\/shop.hmk-aem.ch\/fr\/wp-json\/wp\/v2\/product"}],"about":[{"href":"https:\/\/shop.hmk-aem.ch\/fr\/wp-json\/wp\/v2\/types\/product"}],"version-history":[{"count":7,"href":"https:\/\/shop.hmk-aem.ch\/fr\/wp-json\/wp\/v2\/product\/455\/revisions"}],"predecessor-version":[{"id":1424,"href":"https:\/\/shop.hmk-aem.ch\/fr\/wp-json\/wp\/v2\/product\/455\/revisions\/1424"}],"wp:featuredmedia":[{"embeddable":true,"href":"https:\/\/shop.hmk-aem.ch\/fr\/wp-json\/wp\/v2\/media\/340"}],"wp:attachment":[{"href":"https:\/\/shop.hmk-aem.ch\/fr\/wp-json\/wp\/v2\/media?parent=455"}],"wp:term":[{"taxonomy":"product_brand","embeddable":true,"href":"https:\/\/shop.hmk-aem.ch\/fr\/wp-json\/wp\/v2\/product_brand?post=455"},{"taxonomy":"product_cat","embeddable":true,"href":"https:\/\/shop.hmk-aem.ch\/fr\/wp-json\/wp\/v2\/product_cat?post=455"},{"taxonomy":"product_tag","embeddable":true,"href":"https:\/\/shop.hmk-aem.ch\/fr\/wp-json\/wp\/v2\/product_tag?post=455"}],"curies":[{"name":"wp","href":"https:\/\/api.w.org\/{rel}","templated":true}]}}